{"id":2,"date":"2023-02-25T12:48:41","date_gmt":"2023-02-25T11:48:41","guid":{"rendered":"http:\/\/www.lehypecorner.com\/?page_id=2"},"modified":"2023-05-18T08:01:46","modified_gmt":"2023-05-18T06:01:46","slug":"page-d-exemple","status":"publish","type":"page","link":"https:\/\/www.lehypecorner.com\/index.php\/page-d-exemple\/","title":{"rendered":"Le coin de la hype ?"},"content":{"rendered":"<h2>studio photo itin\u00e9rent<\/h2>\n\n\n<p>Gr\u00e2ce \u00e0 notre <strong>studio photo itin\u00e9rant<\/strong>, notre objectif est de vous mettre en sc\u00e8ne sous le meilleur \u00e9clairage car vous prenez bien la lumi\u00e8re. <br><\/p>\n\n\n\n<p>Nous r\u00e9alisons donc pour vous des <strong>photos de portrait,<\/strong> photos de groupes, de la <strong>photo corporate<\/strong>, PP pour les r\u00e9seaux sociaux,<strong> photo de reportage<\/strong> et publi-reportage, <strong>photo \u00e9v\u00e9nementielle<\/strong>, etc.<\/p>\n\n\n\n<p><\/p>\n\n\n\n<p><\/p>\n","protected":false},"excerpt":{"rendered":"<p>studio photo itin\u00e9rent Gr\u00e2ce \u00e0 notre studio photo itin\u00e9rant, notre objectif est de vous mettre en sc\u00e8ne sous le meilleur \u00e9clairage car vous prenez bien la lumi\u00e8re. Nous r\u00e9alisons donc pour vous des photos de portrait, photos de groupes, de<\/p>\n","protected":false},"author":1,"featured_media":0,"parent":0,"menu_order":0,"comment_status":"closed","ping_status":"open","template":"","meta":{"footnotes":""},"class_list":["post-2","page","type-page","status-publish","hentry"],"_links":{"self":[{"href":"https:\/\/www.lehypecorner.com\/index.php\/wp-json\/wp\/v2\/pages\/2","targetHints":{"allow":["GET"]}}],"collection":[{"href":"https:\/\/www.lehypecorner.com\/index.php\/wp-json\/wp\/v2\/pages"}],"about":[{"href":"https:\/\/www.lehypecorner.com\/index.php\/wp-json\/wp\/v2\/types\/page"}],"author":[{"embeddable":true,"href":"https:\/\/www.lehypecorner.com\/index.php\/wp-json\/wp\/v2\/users\/1"}],"replies":[{"embeddable":true,"href":"https:\/\/www.lehypecorner.com\/index.php\/wp-json\/wp\/v2\/comments?post=2"}],"version-history":[{"count":3,"href":"https:\/\/www.lehypecorner.com\/index.php\/wp-json\/wp\/v2\/pages\/2\/revisions"}],"predecessor-version":[{"id":47,"href":"https:\/\/www.lehypecorner.com\/index.php\/wp-json\/wp\/v2\/pages\/2\/revisions\/47"}],"wp:attachment":[{"href":"https:\/\/www.lehypecorner.com\/index.php\/wp-json\/wp\/v2\/media?parent=2"}],"curies":[{"name":"wp","href":"https:\/\/api.w.org\/{rel}","templated":true}]}}